{"id":17263,"date":"2022-07-19T22:15:50","date_gmt":"2022-07-19T21:15:50","guid":{"rendered":"https:\/\/fitkit.app\/kontakt\/"},"modified":"2025-07-28T19:37:18","modified_gmt":"2025-07-28T18:37:18","slug":"kontakt","status":"publish","type":"page","link":"https:\/\/fitkit.app\/sr\/kontakt\/","title":{"rendered":"Kontakt"},"content":{"rendered":"\t\t<div data-elementor-type=\"wp-page\" data-elementor-id=\"17263\" class=\"elementor elementor-17263 elementor-87\" data-elementor-settings=\"{&quot;element_pack_global_tooltip_width&quot;:{&quot;unit&quot;:&quot;px&quot;,&quot;size&quot;:&quot;&quot;,&quot;sizes&quot;:[]},&quot;element_pack_global_tooltip_width_tablet&quot;:{&quot;unit&quot;:&quot;px&quot;,&quot;size&quot;:&quot;&quot;,&quot;sizes&quot;:[]},&quot;element_pack_global_tooltip_width_mobile&quot;:{&quot;unit&quot;:&quot;px&quot;,&quot;size&quot;:&quot;&quot;,&quot;sizes&quot;:[]},&quot;element_pack_global_tooltip_padding&quot;:{&quot;unit&quot;:&quot;px&quot;,&quot;top&quot;:&quot;&quot;,&quot;right&quot;:&quot;&quot;,&quot;bottom&quot;:&quot;&quot;,&quot;left&quot;:&quot;&quot;,&quot;isLinked&quot;:true},&quot;element_pack_global_tooltip_padding_tablet&quot;:{&quot;unit&quot;:&quot;px&quot;,&quot;top&quot;:&quot;&quot;,&quot;right&quot;:&quot;&quot;,&quot;bottom&quot;:&quot;&quot;,&quot;left&quot;:&quot;&quot;,&quot;isLinked&quot;:true},&quot;element_pack_global_tooltip_padding_mobile&quot;:{&quot;unit&quot;:&quot;px&quot;,&quot;top&quot;:&quot;&quot;,&quot;right&quot;:&quot;&quot;,&quot;bottom&quot;:&quot;&quot;,&quot;left&quot;:&quot;&quot;,&quot;isLinked&quot;:true},&quot;element_pack_global_tooltip_border_radius&quot;:{&quot;unit&quot;:&quot;px&quot;,&quot;top&quot;:&quot;&quot;,&quot;right&quot;:&quot;&quot;,&quot;bottom&quot;:&quot;&quot;,&quot;left&quot;:&quot;&quot;,&quot;isLinked&quot;:true},&quot;element_pack_global_tooltip_border_radius_tablet&quot;:{&quot;unit&quot;:&quot;px&quot;,&quot;top&quot;:&quot;&quot;,&quot;right&quot;:&quot;&quot;,&quot;bottom&quot;:&quot;&quot;,&quot;left&quot;:&quot;&quot;,&quot;isLinked&quot;:true},&quot;element_pack_global_tooltip_border_radius_mobile&quot;:{&quot;unit&quot;:&quot;px&quot;,&quot;top&quot;:&quot;&quot;,&quot;right&quot;:&quot;&quot;,&quot;bottom&quot;:&quot;&quot;,&quot;left&quot;:&quot;&quot;,&quot;isLinked&quot;:true}}\" data-elementor-post-type=\"page\">\n\t\t\t\t<div class=\"elementor-element elementor-element-a84bcfa e-flex e-con-boxed e-con e-parent\" data-id=\"a84bcfa\" data-element_type=\"container\" data-e-type=\"container\">\n\t\t\t\t\t<div class=\"e-con-inner\">\n\t\t\t\t<div class=\"elementor-element elementor-element-b188be6 elementor-widget elementor-widget-html\" data-id=\"b188be6\" data-element_type=\"widget\" data-e-type=\"widget\" data-widget_type=\"html.default\">\n\t\t\t\t<div class=\"elementor-widget-container\">\n\t\t\t\t\t<style>\n    .tooltip {\n      position: relative;\n      display: inline-block;\n      cursor: pointer;\n    }\n\n    \/* Tooltip text *\/\n    .tooltip .tooltip-text {\n      visibility: hidden;\n      width: 450px;\n      max-width: 98vw;\n      background-color: #333;\n      color: #fff;\n      text-align: center;\n      padding: 8px;\n      border-radius: 4px;\n      z-index: 10000;\n\n      \/* Positioning *\/\n      position: absolute;\n      z-index: 1;\n      bottom: 125%; \n      left: 50%;\n      transform: translateX(-50%);\n      opacity: 0;\n      transition: opacity 0.3s;\n    }\n\n    \/* Arrow below tooltip *\/\n    .tooltip .tooltip-text::after {\n      content: \"\";\n      position: absolute;\n      top: 100%;\n      left: 50%;\n      transform: translateX(-50%);\n      border-width: 5px;\n      border-style: solid;\n      border-color: #333 transparent transparent transparent;\n    }\n\n    \/* Show tooltip text on hover *\/\n    .tooltip:hover .tooltip-text {\n      visibility: visible;\n      opacity: 1;\n    }\n<\/style>\t\t\t\t<\/div>\n\t\t\t\t<\/div>\n\t\t<div class=\"elementor-element elementor-element-8c79c1f e-con-full e-flex e-con e-child\" data-id=\"8c79c1f\" data-element_type=\"container\" data-e-type=\"container\">\n\t\t<div class=\"elementor-element elementor-element-af24f30 e-con-full e-flex e-con e-child\" data-id=\"af24f30\" data-element_type=\"container\" data-e-type=\"container\">\n\t\t\t\t<div class=\"elementor-element elementor-element-eee1b69 elementor-widget elementor-widget-heading\" data-id=\"eee1b69\" data-element_type=\"widget\" data-e-type=\"widget\" data-widget_type=\"heading.default\">\n\t\t\t\t<div class=\"elementor-widget-container\">\n\t\t\t\t\t<h2 class=\"elementor-heading-title elementor-size-default\">Kontakt<\/h2>\t\t\t\t<\/div>\n\t\t\t\t<\/div>\n\t\t\t\t<div class=\"elementor-element elementor-element-d176e52 elementor-align-start elementor-mobile-align-center elementor-icon-list--layout-traditional elementor-list-item-link-full_width elementor-widget elementor-widget-icon-list\" data-id=\"d176e52\" data-element_type=\"widget\" data-e-type=\"widget\" data-widget_type=\"icon-list.default\">\n\t\t\t\t<div class=\"elementor-widget-container\">\n\t\t\t\t\t\t\t<ul class=\"elementor-icon-list-items\">\n\t\t\t\t\t\t\t<li class=\"elementor-icon-list-item\">\n\t\t\t\t\t\t\t\t\t\t\t<a href=\"https:\/\/support.fitkit.app\/hc\/sr\/requests\/new\" target=\"_blank\">\n\n\t\t\t\t\t\t\t\t\t\t\t<span class=\"elementor-icon-list-text\">Zatra\u017eite poziv<\/span>\n\t\t\t\t\t\t\t\t\t\t\t<\/a>\n\t\t\t\t\t\t\t\t\t<\/li>\n\t\t\t\t\t\t\t\t<li class=\"elementor-icon-list-item\">\n\t\t\t\t\t\t\t\t\t\t\t<a href=\"mailto:infors@fitkit.app\">\n\n\t\t\t\t\t\t\t\t\t\t\t<span class=\"elementor-icon-list-text\">infors@fitkit.app<\/span>\n\t\t\t\t\t\t\t\t\t\t\t<\/a>\n\t\t\t\t\t\t\t\t\t<\/li>\n\t\t\t\t\t\t<\/ul>\n\t\t\t\t\t\t<\/div>\n\t\t\t\t<\/div>\n\t\t\t\t<div class=\"elementor-element elementor-element-4a61255 elementor-widget elementor-widget-bdt-contact-form-7\" data-id=\"4a61255\" data-element_type=\"widget\" data-e-type=\"widget\" data-widget_type=\"bdt-contact-form-7.default\">\n\t\t\t\t<div class=\"elementor-widget-container\">\n\t\t\t\t\t\n<div class=\"wpcf7 no-js\" id=\"wpcf7-f17586-o1\" lang=\"mk-MK\" dir=\"ltr\" data-wpcf7-id=\"17586\">\n<div class=\"screen-reader-response\"><p role=\"status\" aria-live=\"polite\" aria-atomic=\"true\"><\/p> <ul><\/ul><\/div>\n<form action=\"\/sr\/wp-json\/wp\/v2\/pages\/17263#wpcf7-f17586-o1\" method=\"post\" class=\"wpcf7-form init\" aria-label=\"Contact form\" novalidate=\"novalidate\" data-status=\"init\">\n<fieldset class=\"hidden-fields-container\"><input type=\"hidden\" name=\"_wpcf7\" value=\"17586\" \/><input type=\"hidden\" name=\"_wpcf7_version\" value=\"6.1.5\" \/><input type=\"hidden\" name=\"_wpcf7_locale\" value=\"mk_MK\" \/><input type=\"hidden\" name=\"_wpcf7_unit_tag\" value=\"wpcf7-f17586-o1\" \/><input type=\"hidden\" name=\"_wpcf7_container_post\" value=\"0\" \/><input type=\"hidden\" name=\"_wpcf7_posted_data_hash\" value=\"\" \/><input type=\"hidden\" name=\"_wpcf7_recaptcha_response\" value=\"\" \/>\n<\/fieldset>\n<p><span class=\"wpcf7-form-control-wrap\" data-name=\"your-name\"><input size=\"40\" maxlength=\"400\" class=\"wpcf7-form-control wpcf7-text wpcf7-validates-as-required\" aria-required=\"true\" aria-invalid=\"false\" placeholder=\"Ime*\" value=\"\" type=\"text\" name=\"your-name\" \/><\/span><br \/>\n<span class=\"wpcf7-form-control-wrap\" data-name=\"your-email\"><input size=\"40\" maxlength=\"400\" class=\"wpcf7-form-control wpcf7-email wpcf7-validates-as-required wpcf7-text wpcf7-validates-as-email\" aria-required=\"true\" aria-invalid=\"false\" placeholder=\"E-mail adresa*\" value=\"\" type=\"email\" name=\"your-email\" \/><\/span><br \/>\n<span class=\"wpcf7-form-control-wrap\" data-name=\"your-phone\"><input size=\"40\" maxlength=\"400\" class=\"wpcf7-form-control wpcf7-tel wpcf7-validates-as-required wpcf7-text wpcf7-validates-as-tel\" aria-required=\"true\" aria-invalid=\"false\" placeholder=\"Broj Telefona*\" value=\"\" type=\"tel\" name=\"your-phone\" \/><\/span><br \/>\n<span class=\"wpcf7-form-control-wrap\" data-name=\"your-subject\"><input size=\"40\" maxlength=\"400\" class=\"wpcf7-form-control wpcf7-text wpcf7-validates-as-required\" aria-required=\"true\" aria-invalid=\"false\" placeholder=\"Predmet*\" value=\"\" type=\"text\" name=\"your-subject\" \/><\/span><br \/>\n<span class=\"wpcf7-form-control-wrap\" data-name=\"your-message\"><textarea cols=\"40\" rows=\"10\" maxlength=\"2000\" class=\"wpcf7-form-control wpcf7-textarea\" aria-invalid=\"false\" placeholder=\"Va\u0161a poruka\" name=\"your-message\"><\/textarea><\/span><br \/>\n<span class=\"wpcf7-form-control-wrap\" data-name=\"acceptance-429\"><span class=\"wpcf7-form-control wpcf7-acceptance optional\"><span class=\"wpcf7-list-item\"><label><input type=\"checkbox\" name=\"acceptance-429\" value=\"1\" aria-invalid=\"false\" \/><span class=\"wpcf7-list-item-label\"><span class=\"tooltip\">\n  Prihvatam da budem informisan o novostima, pogodnostima i ponudama..\n  <span class=\"tooltip-text\">Budite informisani o novitetima, promotivnim pogodnostima i ponudama proizvoda i usluga koje nudimo u FITKIT INTERNATIONAL DOO Skoplje. Ove informacije mo\u017eete dobiti putem na\u0161e veb stranice ili dostupnih komunikacionih kanala za koje nam omogu\u0107ite pristup. Dozvolite da Vas kontaktiramo i potvrdite svoju saglasnost da se Va\u0161a e-mail adresa i ime koriste za primanje obave\u0161tenja u svrhu direktnog marketinga koji sprovodi FITKIT INTERNATIONAL DOO Skoplje. Saglasnost za obradu Va\u0161ih li\u010dnih podataka u svrhe direktnog marketinga mo\u017eete povu\u0107i u bilo kom trenutku, besplatno, pisanim zahtevom poslatim na e-mail adresu infors@fitkit.app ili po\u0161tom na adresu FITKIT INTERNATIONAL DOO Skoplje, ul. Vangel Todorovski 5\/1-30, sa naznakom \u201eZa slu\u017ebenika za za\u0161titu li\u010dnih podataka\u201d. Vi\u0161e informacija o za\u0161titi li\u010dnih podataka mo\u017eete prona\u0107i u na\u0161oj Politici privatnosti. Za sva pitanja, na raspolaganju smo putem slede\u0107ih kontakata: e-mail infors@fitkit.app i broj telefona: +381 60 000 6106<\/span>\n<\/span><\/span><\/label><\/span><\/span><\/span><br \/>\n<span class=\"wpcf7-form-control-wrap recaptcha\" data-name=\"recaptcha\"><span data-sitekey=\"6LfvRHQrAAAAAMiQLIxRupdEYIWEWlgSxMwRrsmB\" class=\"wpcf7-form-control wpcf7-recaptcha g-recaptcha\"><\/span>\r\n<noscript>\r\n\t<div class=\"grecaptcha-noscript\">\r\n\t\t<iframe src=\"https:\/\/www.google.com\/recaptcha\/api\/fallback?k=6LfvRHQrAAAAAMiQLIxRupdEYIWEWlgSxMwRrsmB\" frameborder=\"0\" scrolling=\"no\" width=\"310\" height=\"430\">\r\n\t\t<\/iframe>\r\n\t\t<textarea name=\"g-recaptcha-response\" rows=\"3\" cols=\"40\" placeholder=\"reCaptcha Response Here\">\r\n\t\t<\/textarea>\r\n\t<\/div>\r\n<\/noscript>\r\n<\/span><br \/>\n<input class=\"wpcf7-form-control wpcf7-submit has-spinner\" type=\"submit\" value=\"Po\u0161alji\" \/>\n<\/p><div class=\"wpcf7-response-output\" aria-hidden=\"true\"><\/div>\n<\/form>\n<\/div>\n\t\t\t\t<\/div>\n\t\t\t\t<\/div>\n\t\t\t\t<\/div>\n\t\t<div class=\"elementor-element elementor-element-5faa929 e-con-full e-flex e-con e-child\" data-id=\"5faa929\" data-element_type=\"container\" data-e-type=\"container\">\n\t\t\t\t<div class=\"elementor-element elementor-element-cf5c402 elementor-widget elementor-widget-image\" data-id=\"cf5c402\" data-element_type=\"widget\" data-e-type=\"widget\" data-widget_type=\"image.default\">\n\t\t\t\t<div class=\"elementor-widget-container\">\n\t\t\t\t\t\t\t\t\t\t\t\t\t\t\t<img fetchpriority=\"high\" decoding=\"async\" width=\"457\" height=\"457\" src=\"https:\/\/fitkit.app\/wp-content\/uploads\/2024\/11\/contact-us-fitkit-hero-banner.png\" class=\"attachment-large size-large wp-image-17265\" alt=\"\" srcset=\"https:\/\/fitkit.app\/wp-content\/uploads\/2024\/11\/contact-us-fitkit-hero-banner.png 457w, https:\/\/fitkit.app\/wp-content\/uploads\/2024\/11\/contact-us-fitkit-hero-banner-350x350.png 350w\" sizes=\"(max-width: 457px) 100vw, 457px\" \/>\t\t\t\t\t\t\t\t\t\t\t\t\t\t\t<\/div>\n\t\t\t\t<\/div>\n\t\t\t\t<\/div>\n\t\t\t\t<\/div>\n\t\t\t\t\t<\/div>\n\t\t\t\t<\/div>\n\t\t\t\t<\/div>\n\t\t","protected":false},"excerpt":{"rendered":"<p>Kontakt Zatra\u017eite poziv infors@fitkit.app<\/p>\n","protected":false},"author":1,"featured_media":17176,"parent":0,"menu_order":0,"comment_status":"closed","ping_status":"closed","template":"","meta":{"_acf_changed":false,"site-sidebar-layout":"no-sidebar","site-content-layout":"page-builder","ast-site-content-layout":"full-width-container","site-content-style":"unboxed","site-sidebar-style":"unboxed","ast-global-header-display":"","ast-banner-title-visibility":"","ast-main-header-display":"","ast-hfb-above-header-display":"","ast-hfb-below-header-display":"","ast-hfb-mobile-header-display":"","site-post-title":"disabled","ast-breadcrumbs-content":"","ast-featured-img":"disabled","footer-sml-layout":"","ast-disable-related-posts":"","theme-transparent-header-meta":"default","adv-header-id-meta":"","stick-header-meta":"default","header-above-stick-meta":"","header-main-stick-meta":"","header-below-stick-meta":"","astra-migrate-meta-layouts":"set","ast-page-background-enabled":"default","ast-page-background-meta":{"desktop":{"background-color":"var(--ast-global-color-4)","background-image":"","background-repeat":"repeat","background-position":"center center","background-size":"auto","background-attachment":"scroll","background-type":"","background-media":"","overlay-type":"","overlay-color":"","overlay-opacity":"","overlay-gradient":""},"tablet":{"background-color":"","background-image":"","background-repeat":"repeat","background-position":"center center","background-size":"auto","background-attachment":"scroll","background-type":"","background-media":"","overlay-type":"","overlay-color":"","overlay-opacity":"","overlay-gradient":""},"mobile":{"background-color":"","background-image":"","background-repeat":"repeat","background-position":"center center","background-size":"auto","background-attachment":"scroll","background-type":"","background-media":"","overlay-type":"","overlay-color":"","overlay-opacity":"","overlay-gradient":""}},"ast-content-background-meta":{"desktop":{"background-color":"var(--ast-global-color-5)","background-image":"","background-repeat":"repeat","background-position":"center center","background-size":"auto","background-attachment":"scroll","background-type":"","background-media":"","overlay-type":"","overlay-color":"","overlay-opacity":"","overlay-gradient":""},"tablet":{"background-color":"var(--ast-global-color-5)","background-image":"","background-repeat":"repeat","background-position":"center center","background-size":"auto","background-attachment":"scroll","background-type":"","background-media":"","overlay-type":"","overlay-color":"","overlay-opacity":"","overlay-gradient":""},"mobile":{"background-color":"var(--ast-global-color-5)","background-image":"","background-repeat":"repeat","background-position":"center center","background-size":"auto","background-attachment":"scroll","background-type":"","background-media":"","overlay-type":"","overlay-color":"","overlay-opacity":"","overlay-gradient":""}},"footnotes":""},"class_list":["post-17263","page","type-page","status-publish","has-post-thumbnail","hentry"],"acf":[],"yoast_head":"<!-- This site is optimized with the Yoast SEO plugin v27.3 - https:\/\/yoast.com\/product\/yoast-seo-wordpress\/ -->\n<title>Kontakt - Fitkit<\/title>\n<meta name=\"robots\" content=\"index, follow, max-snippet:-1, max-image-preview:large, max-video-preview:-1\" \/>\n<link rel=\"canonical\" href=\"https:\/\/fitkit.app\/kontakt\/?lang=sr\" \/>\n<meta property=\"og:locale\" content=\"sr_RS\" \/>\n<meta property=\"og:type\" content=\"article\" \/>\n<meta property=\"og:title\" content=\"Kontakt - Fitkit\" \/>\n<meta property=\"og:description\" content=\"Kontakt Zatra\u017eite poziv infors@fitkit.app\" \/>\n<meta property=\"og:url\" content=\"https:\/\/fitkit.app\/kontakt\/?lang=sr\" \/>\n<meta property=\"og:site_name\" content=\"Fitkit\" \/>\n<meta property=\"article:publisher\" content=\"https:\/\/www.facebook.com\/fitkitmk\" \/>\n<meta property=\"article:modified_time\" content=\"2025-07-28T18:37:18+00:00\" \/>\n<meta property=\"og:image\" content=\"https:\/\/fitkit.app\/wp-content\/uploads\/2024\/11\/contact-us-fitkit-hero-banner.png\" \/>\n\t<meta property=\"og:image:width\" content=\"457\" \/>\n\t<meta property=\"og:image:height\" content=\"457\" \/>\n\t<meta property=\"og:image:type\" content=\"image\/png\" \/>\n<meta name=\"twitter:card\" content=\"summary_large_image\" \/>\n<meta name=\"twitter:site\" content=\"@FitKitMK\" \/>\n<meta name=\"twitter:label1\" content=\"\u041f\u0440\u043e\u0446\u0435\u045a\u0435\u043d\u043e \u0432\u0440\u0435\u043c\u0435 \u0447\u0438\u0442\u0430\u045a\u0430\" \/>\n\t<meta name=\"twitter:data1\" content=\"2 \u043c\u0438\u043d\u0443\u0442\u0430\" \/>\n<script type=\"application\/ld+json\" class=\"yoast-schema-graph\">{\"@context\":\"https:\\\/\\\/schema.org\",\"@graph\":[{\"@type\":\"WebPage\",\"@id\":\"https:\\\/\\\/fitkit.app\\\/kontakt\\\/?lang=sr\",\"url\":\"https:\\\/\\\/fitkit.app\\\/kontakt\\\/?lang=sr\",\"name\":\"Kontakt - Fitkit\",\"isPartOf\":{\"@id\":\"https:\\\/\\\/fitkit.app\\\/#website\"},\"primaryImageOfPage\":{\"@id\":\"https:\\\/\\\/fitkit.app\\\/kontakt\\\/?lang=sr#primaryimage\"},\"image\":{\"@id\":\"https:\\\/\\\/fitkit.app\\\/kontakt\\\/?lang=sr#primaryimage\"},\"thumbnailUrl\":\"https:\\\/\\\/fitkit.app\\\/wp-content\\\/uploads\\\/2024\\\/11\\\/fitkit-phone-in-hand-mobile-2.png\",\"datePublished\":\"2022-07-19T21:15:50+00:00\",\"dateModified\":\"2025-07-28T18:37:18+00:00\",\"breadcrumb\":{\"@id\":\"https:\\\/\\\/fitkit.app\\\/kontakt\\\/?lang=sr#breadcrumb\"},\"inLanguage\":\"sr-RS\",\"potentialAction\":[{\"@type\":\"ReadAction\",\"target\":[\"https:\\\/\\\/fitkit.app\\\/kontakt\\\/?lang=sr\"]}]},{\"@type\":\"ImageObject\",\"inLanguage\":\"sr-RS\",\"@id\":\"https:\\\/\\\/fitkit.app\\\/kontakt\\\/?lang=sr#primaryimage\",\"url\":\"https:\\\/\\\/fitkit.app\\\/wp-content\\\/uploads\\\/2024\\\/11\\\/fitkit-phone-in-hand-mobile-2.png\",\"contentUrl\":\"https:\\\/\\\/fitkit.app\\\/wp-content\\\/uploads\\\/2024\\\/11\\\/fitkit-phone-in-hand-mobile-2.png\",\"width\":1074,\"height\":717},{\"@type\":\"BreadcrumbList\",\"@id\":\"https:\\\/\\\/fitkit.app\\\/kontakt\\\/?lang=sr#breadcrumb\",\"itemListElement\":[{\"@type\":\"ListItem\",\"position\":1,\"name\":\"Home\",\"item\":\"https:\\\/\\\/fitkit.app\\\/sl\\\/\"},{\"@type\":\"ListItem\",\"position\":2,\"name\":\"Kontakt\"}]},{\"@type\":\"WebSite\",\"@id\":\"https:\\\/\\\/fitkit.app\\\/#website\",\"url\":\"https:\\\/\\\/fitkit.app\\\/\",\"name\":\"Fitkit\",\"description\":\"\u0415\u0434\u043d\u0430 \u0430\u043f\u043b\u0438\u043a\u0430\u0446\u0438\u0458\u0430 \u0437\u0430 \u0432\u043b\u0435\u0437 \u0432\u043e \u0441\u0438\u0442\u0435 \u0432\u0435\u0436\u0431\u0430\u043b\u043d\u0438 \u0438 \u0441\u043f\u0430 \u0446\u0435\u043d\u0442\u0440\u0438! \u041a\u0430\u0434\u0435 \u0441\u0430\u043a\u0430\u0448, \u043a\u043e\u0433\u0430 \u0441\u0430\u043a\u0430\u0448.\",\"publisher\":{\"@id\":\"https:\\\/\\\/fitkit.app\\\/#organization\"},\"potentialAction\":[{\"@type\":\"SearchAction\",\"target\":{\"@type\":\"EntryPoint\",\"urlTemplate\":\"https:\\\/\\\/fitkit.app\\\/?s={search_term_string}\"},\"query-input\":{\"@type\":\"PropertyValueSpecification\",\"valueRequired\":true,\"valueName\":\"search_term_string\"}}],\"inLanguage\":\"sr-RS\"},{\"@type\":\"Organization\",\"@id\":\"https:\\\/\\\/fitkit.app\\\/#organization\",\"name\":\"Fitkit\",\"url\":\"https:\\\/\\\/fitkit.app\\\/\",\"logo\":{\"@type\":\"ImageObject\",\"inLanguage\":\"sr-RS\",\"@id\":\"https:\\\/\\\/fitkit.app\\\/#\\\/schema\\\/logo\\\/image\\\/\",\"url\":\"https:\\\/\\\/fitkit.app\\\/wp-content\\\/uploads\\\/2026\\\/02\\\/FitKit-logo-1.png\",\"contentUrl\":\"https:\\\/\\\/fitkit.app\\\/wp-content\\\/uploads\\\/2026\\\/02\\\/FitKit-logo-1.png\",\"width\":235,\"height\":235,\"caption\":\"Fitkit\"},\"image\":{\"@id\":\"https:\\\/\\\/fitkit.app\\\/#\\\/schema\\\/logo\\\/image\\\/\"},\"sameAs\":[\"https:\\\/\\\/www.facebook.com\\\/fitkitmk\",\"https:\\\/\\\/x.com\\\/FitKitMK\",\"https:\\\/\\\/www.youtube.com\\\/channel\\\/UCLr7pPwt9BRQ0xhS7RJRj4A\",\"https:\\\/\\\/www.linkedin.com\\\/company\\\/fitkitmk\\\/\",\"https:\\\/\\\/www.instagram.com\\\/fitkitmk\\\/\"]}]}<\/script>\n<!-- \/ Yoast SEO plugin. -->","yoast_head_json":{"title":"Kontakt - Fitkit","robots":{"index":"index","follow":"follow","max-snippet":"max-snippet:-1","max-image-preview":"max-image-preview:large","max-video-preview":"max-video-preview:-1"},"canonical":"https:\/\/fitkit.app\/kontakt\/?lang=sr","og_locale":"sr_RS","og_type":"article","og_title":"Kontakt - Fitkit","og_description":"Kontakt Zatra\u017eite poziv infors@fitkit.app","og_url":"https:\/\/fitkit.app\/kontakt\/?lang=sr","og_site_name":"Fitkit","article_publisher":"https:\/\/www.facebook.com\/fitkitmk","article_modified_time":"2025-07-28T18:37:18+00:00","og_image":[{"width":457,"height":457,"url":"https:\/\/fitkit.app\/wp-content\/uploads\/2024\/11\/contact-us-fitkit-hero-banner.png","type":"image\/png"}],"twitter_card":"summary_large_image","twitter_site":"@FitKitMK","twitter_misc":{"\u041f\u0440\u043e\u0446\u0435\u045a\u0435\u043d\u043e \u0432\u0440\u0435\u043c\u0435 \u0447\u0438\u0442\u0430\u045a\u0430":"2 \u043c\u0438\u043d\u0443\u0442\u0430"},"schema":{"@context":"https:\/\/schema.org","@graph":[{"@type":"WebPage","@id":"https:\/\/fitkit.app\/kontakt\/?lang=sr","url":"https:\/\/fitkit.app\/kontakt\/?lang=sr","name":"Kontakt - Fitkit","isPartOf":{"@id":"https:\/\/fitkit.app\/#website"},"primaryImageOfPage":{"@id":"https:\/\/fitkit.app\/kontakt\/?lang=sr#primaryimage"},"image":{"@id":"https:\/\/fitkit.app\/kontakt\/?lang=sr#primaryimage"},"thumbnailUrl":"https:\/\/fitkit.app\/wp-content\/uploads\/2024\/11\/fitkit-phone-in-hand-mobile-2.png","datePublished":"2022-07-19T21:15:50+00:00","dateModified":"2025-07-28T18:37:18+00:00","breadcrumb":{"@id":"https:\/\/fitkit.app\/kontakt\/?lang=sr#breadcrumb"},"inLanguage":"sr-RS","potentialAction":[{"@type":"ReadAction","target":["https:\/\/fitkit.app\/kontakt\/?lang=sr"]}]},{"@type":"ImageObject","inLanguage":"sr-RS","@id":"https:\/\/fitkit.app\/kontakt\/?lang=sr#primaryimage","url":"https:\/\/fitkit.app\/wp-content\/uploads\/2024\/11\/fitkit-phone-in-hand-mobile-2.png","contentUrl":"https:\/\/fitkit.app\/wp-content\/uploads\/2024\/11\/fitkit-phone-in-hand-mobile-2.png","width":1074,"height":717},{"@type":"BreadcrumbList","@id":"https:\/\/fitkit.app\/kontakt\/?lang=sr#breadcrumb","itemListElement":[{"@type":"ListItem","position":1,"name":"Home","item":"https:\/\/fitkit.app\/sl\/"},{"@type":"ListItem","position":2,"name":"Kontakt"}]},{"@type":"WebSite","@id":"https:\/\/fitkit.app\/#website","url":"https:\/\/fitkit.app\/","name":"Fitkit","description":"\u0415\u0434\u043d\u0430 \u0430\u043f\u043b\u0438\u043a\u0430\u0446\u0438\u0458\u0430 \u0437\u0430 \u0432\u043b\u0435\u0437 \u0432\u043e \u0441\u0438\u0442\u0435 \u0432\u0435\u0436\u0431\u0430\u043b\u043d\u0438 \u0438 \u0441\u043f\u0430 \u0446\u0435\u043d\u0442\u0440\u0438! \u041a\u0430\u0434\u0435 \u0441\u0430\u043a\u0430\u0448, \u043a\u043e\u0433\u0430 \u0441\u0430\u043a\u0430\u0448.","publisher":{"@id":"https:\/\/fitkit.app\/#organization"},"potentialAction":[{"@type":"SearchAction","target":{"@type":"EntryPoint","urlTemplate":"https:\/\/fitkit.app\/?s={search_term_string}"},"query-input":{"@type":"PropertyValueSpecification","valueRequired":true,"valueName":"search_term_string"}}],"inLanguage":"sr-RS"},{"@type":"Organization","@id":"https:\/\/fitkit.app\/#organization","name":"Fitkit","url":"https:\/\/fitkit.app\/","logo":{"@type":"ImageObject","inLanguage":"sr-RS","@id":"https:\/\/fitkit.app\/#\/schema\/logo\/image\/","url":"https:\/\/fitkit.app\/wp-content\/uploads\/2026\/02\/FitKit-logo-1.png","contentUrl":"https:\/\/fitkit.app\/wp-content\/uploads\/2026\/02\/FitKit-logo-1.png","width":235,"height":235,"caption":"Fitkit"},"image":{"@id":"https:\/\/fitkit.app\/#\/schema\/logo\/image\/"},"sameAs":["https:\/\/www.facebook.com\/fitkitmk","https:\/\/x.com\/FitKitMK","https:\/\/www.youtube.com\/channel\/UCLr7pPwt9BRQ0xhS7RJRj4A","https:\/\/www.linkedin.com\/company\/fitkitmk\/","https:\/\/www.instagram.com\/fitkitmk\/"]}]}},"_links":{"self":[{"href":"https:\/\/fitkit.app\/sr\/wp-json\/wp\/v2\/pages\/17263","targetHints":{"allow":["GET"]}}],"collection":[{"href":"https:\/\/fitkit.app\/sr\/wp-json\/wp\/v2\/pages"}],"about":[{"href":"https:\/\/fitkit.app\/sr\/wp-json\/wp\/v2\/types\/page"}],"author":[{"embeddable":true,"href":"https:\/\/fitkit.app\/sr\/wp-json\/wp\/v2\/users\/1"}],"replies":[{"embeddable":true,"href":"https:\/\/fitkit.app\/sr\/wp-json\/wp\/v2\/comments?post=17263"}],"version-history":[{"count":13,"href":"https:\/\/fitkit.app\/sr\/wp-json\/wp\/v2\/pages\/17263\/revisions"}],"predecessor-version":[{"id":18104,"href":"https:\/\/fitkit.app\/sr\/wp-json\/wp\/v2\/pages\/17263\/revisions\/18104"}],"wp:featuredmedia":[{"embeddable":true,"href":"https:\/\/fitkit.app\/sr\/wp-json\/wp\/v2\/media\/17176"}],"wp:attachment":[{"href":"https:\/\/fitkit.app\/sr\/wp-json\/wp\/v2\/media?parent=17263"}],"curies":[{"name":"wp","href":"https:\/\/api.w.org\/{rel}","templated":true}]}}