{"id":20187,"date":"2022-07-29T07:14:24","date_gmt":"2022-07-29T06:14:24","guid":{"rendered":"https:\/\/fitkit.app\/?page_id=20187"},"modified":"2026-03-14T23:14:41","modified_gmt":"2026-03-14T22:14:41","slug":"politika-kolacica","status":"publish","type":"page","link":"https:\/\/fitkit.app\/sr\/politika-kolacica\/","title":{"rendered":"Politika kola\u010di\u0107a"},"content":{"rendered":"<h1><b>Politika kola\u010di\u0107a za na\u0161u veb stranicu i aplikaciju<\/b><\/h1>\n<p><span style=\"font-weight: 400;\">(\u201ePolitika kola\u010di\u0107a\u201c)<\/span><\/p>\n<h2><b>I. Uvod<\/b><\/h2>\n<p><span style=\"font-weight: 400;\">Kada pose\u0107ujete i koristite na\u0161u veb stranicu, usluge, aplikaciju, alate za komunikaciju ili druge alate, mi ili na\u0161i ovla\u0161\u0107eni pru\u017eaoci usluga mo\u017eemo koristiti kola\u010di\u0107e, web beacon-e i druge sli\u010dne tehnologije za \u010duvanje podataka o vama i va\u0161im aktivnostima na ili putem na\u0161ih veb stranica, usluga, aplikacija i alata (kao \u0161to su stranice koje pose\u0107ujete, linkovi na koje kliknete i druge radnje koje preduzimate na na\u0161im platformama i uslugama, uklju\u010duju\u0107i i unutar na\u0161eg promotivnog i email sadr\u017eaja).<\/span><\/p>\n<p><span style=\"font-weight: 400;\">Ova Politika kola\u010di\u0107a za na\u0161e veb stranice i aplikacije (u daljem tekstu: \u201ePolitika kola\u010di\u0107a\u201c) ima za cilj da vas informi\u0161e o ovim tehnologijama i na\u010dinu na koji ih koristimo.<\/span><\/p>\n<p><span style=\"font-weight: 400;\">Na\u0161i kola\u010di\u0107i i sli\u010dne tehnologije imaju razli\u010dite svrhe. Neki se koriste za unapre\u0111enje rada i funkcionalnosti na\u0161ih platformi i alata kako bi se posetiocima omogu\u0107ilo besprekorno, brzo i bezbedno iskustvo. Tako\u0111e mo\u017eemo koristiti ove tehnologije u promotivne svrhe kako bismo posetiocima pru\u017eili personalizovano iskustvo.<\/span><\/p>\n<p><span style=\"font-weight: 400;\">Gde god je to mogu\u0107e, primenjuju se bezbednosne mere kako bi se spre\u010dio neovla\u0161\u0107en pristup na\u0161im kola\u010di\u0107ima i sli\u010dnim tehnologijama za pra\u0107enje. Jedinstveni identifikator obezbe\u0111uje da samo mi i na\u0161i ovla\u0161\u0107eni pru\u017eaoci usluga imamo pristup podacima koji se \u010duvaju putem kola\u010di\u0107a.<\/span><\/p>\n<p><span style=\"font-weight: 400;\">Imate pravo da blokirate, obri\u0161ete ili onemogu\u0107ite ove tehnologije ukoliko va\u0161 ure\u0111aj to omogu\u0107ava. Mo\u017eete upravljati kola\u010di\u0107ima koji se koriste u vezi sa vama i va\u0161im pode\u0161avanjima kola\u010di\u0107a putem pode\u0161avanja va\u0161eg pregleda\u010da ili ure\u0111aja. U nastavku ove Politike kola\u010di\u0107a mo\u017eete prona\u0107i informacije o tome kako da prilagodite svoja pode\u0161avanja i preference u vezi sa kola\u010di\u0107ima.<\/span><\/p>\n<h2><b>II. \u0160ta su kola\u010di\u0107i i sli\u010dne tehnologije za pra\u0107enje?<\/b><\/h2>\n<p><span style=\"font-weight: 400;\">Kola\u010di\u0107i i sli\u010dne tehnologije za pra\u0107enje su male datoteke sa podacima koje se postavljaju na va\u0161 ra\u010dunar, tablet, mobilni telefon ili drugi ure\u0111aj (zajedni\u010dki: \u201eure\u0111aj\u201c) i omogu\u0107avaju nam da zabele\u017eimo i sa\u010duvamo odre\u0111ene informacije kada pose\u0107ujete ili koristite na\u0161e veb stranice, usluge, aplikacije, alate za komunikaciju ili druge alate, kao i da vas prepoznamo na razli\u010ditim ure\u0111ajima.<\/span><\/p>\n<p><span style=\"font-weight: 400;\">Kola\u010di\u0107i su male tekstualne datoteke (obi\u010dno sastavljene od slova i brojeva) koje se postavljaju u memoriju va\u0161eg pregleda\u010da ili na va\u0161 ure\u0111aj kada pose\u0107ujete veb stranicu ili pregledate poruku. Kola\u010di\u0107i omogu\u0107avaju veb stranici da prepozna odre\u0111eni ure\u0111aj ili pregleda\u010d. Kola\u010di\u0107i se mogu onemogu\u0107iti ili obrisati putem pode\u0161avanja \u201eCookie Preferences\u201c dostupnih u svakom pregleda\u010du. Pode\u0161avanja se moraju prilagoditi posebno za svaki pregleda\u010d koji koristite.<\/span><\/p>\n<p><span style=\"font-weight: 400;\">Web beacon-i su male grafi\u010dke slike (poznate i kao \u201epixel tagovi\u201c ili \u201eclear GIF-ovi\u201c) koje mogu biti uklju\u010dene na na\u0161im veb stranicama, uslugama, aplikacijama, porukama i alatima i obi\u010dno rade zajedno sa kola\u010di\u0107ima kako bi identifikovali na\u0161e posetioce i pratili njihovo pona\u0161anje.<\/span><\/p>\n<p><span style=\"font-weight: 400;\">Sli\u010dne tehnologije \u010duvaju podatke u va\u0161em pregleda\u010du ili na ure\u0111aju koriste\u0107i lokalno deljene objekte i lokalne baze podataka (kao \u0161to su Flash kola\u010di\u0107i i HTML5 kola\u010di\u0107i). Ove tehnologije mogu raditi u razli\u010ditim pregleda\u010dima; me\u0111utim, ne koristimo ih za \u010duvanje podataka u svrhu prikazivanja ciljanih promocija na na\u0161im ili drugim veb stranicama.<\/span><\/p>\n<p><span style=\"font-weight: 400;\">U na\u0161im politikama mo\u017eemo koristiti termine \u201ekola\u010di\u0107i\u201c i \u201esli\u010dne tehnologije\u201c naizmeni\u010dno kada se odnose na sve tehnologije koje se koriste za pam\u0107enje i \u010duvanje informacija u va\u0161em pregleda\u010du ili na ure\u0111aju, ili koje prikupljaju informacije i poma\u017eu u va\u0161oj identifikaciji na gore opisane na\u010dine.<\/span><\/p>\n<h2><b>III. Vrste kola\u010di\u0107a<\/b><\/h2>\n<h3><b>Kola\u010di\u0107i sesije<\/b><\/h3>\n<p><span style=\"font-weight: 400;\">Kola\u010di\u0107i sesije ostaju na va\u0161em ure\u0111aju dok je va\u0161 pregleda\u010d aktivan. Oni isti\u010du na kraju va\u0161e sesije pregledanja i omogu\u0107avaju nam da pove\u017eemo va\u0161e radnje tokom te sesije.<\/span><\/p>\n<h3><b>Trajni kola\u010di\u0107i<\/b><\/h3>\n<p><span style=\"font-weight: 400;\">Trajni kola\u010di\u0107i ostaju na va\u0161em ure\u0111aju du\u017ei vremenski period. \u010cuvaju se izme\u0111u sesija pregledanja i omogu\u0107avaju nam da zapamtimo va\u0161e preference ili radnje na vi\u0161e veb stranica.<\/span><\/p>\n<p>&nbsp;<\/p>\n<h3><b>Kola\u010di\u0107i prve strane<\/b><\/h3>\n<p><span style=\"font-weight: 400;\">Kola\u010di\u0107e prve strane postavlja platforma koju pose\u0107ujete. Ove kola\u010di\u0107e koristimo kada pose\u0107ujete ili koristite na\u0161e veb stranice, usluge, aplikacije, alate za komunikaciju ili druge alate.<\/span><\/p>\n<h3><b>Kola\u010di\u0107i tre\u0107e strane<\/b><\/h3>\n<p><span style=\"font-weight: 400;\">Kola\u010di\u0107e tre\u0107e strane postavlja veb stranica koja nije ona koju trenutno pose\u0107ujete. Koristimo ovla\u0161\u0107ene pru\u017eaoce usluga kako bismo vam prikazali personalizovane i korisne promocije. Ovi pru\u017eaoci mogu postaviti kola\u010di\u0107e na va\u0161 ure\u0111aj putem na\u0161ih platformi i alata i mogu prikupljati podatke koji poma\u017eu u identifikaciji va\u0161eg ure\u0111aja (kao \u0161to su IP adresa ili drugi identifikatori ure\u0111aja).<\/span><\/p>\n<h2><b>IV. Za \u0161ta koristimo kola\u010di\u0107e?<\/b><\/h2>\n<p><span style=\"font-weight: 400;\">Na\u0161i kola\u010di\u0107i i sli\u010dne tehnologije imaju vi\u0161e funkcija. Oni mogu biti strogo neophodni za rad, performanse i efikasnost na\u0161ih platformi, alata i usluga; ili mogu pomo\u0107i u pobolj\u0161anju performansi i omogu\u0107iti dodatne funkcije, uklju\u010duju\u0107i promocije prilago\u0111ene interesovanjima i potrebama korisnika.<\/span><\/p>\n<h3><b>Neophodni kola\u010di\u0107i<\/b><\/h3>\n<p><span style=\"font-weight: 400;\">Ovi kola\u010di\u0107i su klju\u010dni za pravilno funkcionisanje i efikasnost na\u0161ih veb stranica, platformi, usluga, aplikacija, proizvoda i alata. Bez ovih kola\u010di\u0107a pojedini delovi na\u0161ih veb stranica ne bi radili ispravno i ne bismo mogli da obezbedimo neprekidan pristup i iskustvo.<\/span><\/p>\n<h3><b>Kola\u010di\u0107i performansi<\/b><\/h3>\n<p><span style=\"font-weight: 400;\">Mo\u017eemo koristiti kola\u010di\u0107e, web beacon-e i sli\u010dne tehnologije za procenu performansi i efikasnosti na\u0161ih platformi, aplikacija, usluga i alata, uklju\u010duju\u0107i u analiti\u010dke i istra\u017eiva\u010dke svrhe. Ovi kola\u010di\u0107i nam poma\u017eu da razumemo kako posetioci koriste na\u0161e veb stranice i alate, da li koriste alate za komunikaciju i da li pregledaju odre\u0111ene proizvode ili stranice, \u0161to nam omogu\u0107ava da unapredimo na\u0161 sadr\u017eaj i usluge.<\/span><\/p>\n<p>&nbsp;<\/p>\n<h3><b>Funkcionalni kola\u010di\u0107i<\/b><\/h3>\n<p><span style=\"font-weight: 400;\">Ovi kola\u010di\u0107i omogu\u0107avaju pobolj\u0161anu funkcionalnost kada korisnici pristupaju i koriste na\u0161e veb stranice, platforme, aplikacije, usluge i alate. Poma\u017eu nam da prepoznamo posetioce i zapamtimo njihove preference i pode\u0161avanja, \u010dime se omogu\u0107ava personalizovanije iskustvo.<\/span><\/p>\n<h3><b>Analiti\u010dki kola\u010di\u0107i<\/b><\/h3>\n<p><span style=\"font-weight: 400;\">Mo\u017eemo koristiti kola\u010di\u0107e i sli\u010dne tehnologije u statisti\u010dke svrhe kako bismo pratili funkcionalnost i performanse na\u0161ih veb stranica, platformi, aplikacija, usluga i alata. Analiti\u010dke usluge mogu pru\u017eati tre\u0107e strane. Ovi kola\u010di\u0107i poma\u017eu u analizi obrazaca pona\u0161anja posetilaca radi unapre\u0111enja korisni\u010dkog iskustva i identifikovanja delova koji zahtevaju odr\u017eavanje.<\/span><\/p>\n<h3><b>Kola\u010di\u0107i za ogla\u0161avanje i ciljanje<\/b><\/h3>\n<p><span style=\"font-weight: 400;\">Mo\u017eemo koristiti kola\u010di\u0107e prve strane i web beacon-e, kao i kola\u010di\u0107e tre\u0107ih strana, za prikazivanje sadr\u017eaja na na\u0161im platformama ili na veb stranicama tre\u0107ih strana, uklju\u010duju\u0107i promotivni materijal koji je relevantan za interesovanja posetilaca. Ovi kola\u010di\u0107i pamte kada posetilac pristupi i koristi na\u0161e platforme i koriste ove informacije za pru\u017eanje sadr\u017eaja i oglasa koji su u skladu sa iskazanim interesovanjima. Bez ovih kola\u010di\u0107a sadr\u017eaj i oglasi mogu biti manje relevantni.<\/span><\/p>\n<h3><b>Kola\u010di\u0107i dru\u0161tvenih mre\u017ea<\/b><\/h3>\n<p><span style=\"font-weight: 400;\">Mo\u017eemo koristiti kola\u010di\u0107e i sli\u010dne tehnologije koje postavljaju dru\u0161tvene mre\u017ee koje smo integrisali u na\u0161e veb stranice i aplikacije. Ovi kola\u010di\u0107i se koriste kada posetioci dele na\u0161 sadr\u017eaj ili mu pristupaju putem dru\u0161tvenih mre\u017ea kao \u0161to su Facebook, Instagram, LinkedIn ili Twitter. Ovi kola\u010di\u0107i prate aktivnost pregleda\u010da na razli\u010ditim veb stranicama i kreiraju profil interesovanja koji mo\u017ee uticati na sadr\u017eaj i poruke koje korisnici vide na drugim platformama.<\/span><\/p>\n<h2><b>V. Upravljanje kola\u010di\u0107ima<\/b><\/h2>\n<p><span style=\"font-weight: 400;\">Vi kontroli\u0161ete obim i pode\u0161avanja kola\u010di\u0107a koji se koriste u vezi sa vama i koji se postavljaju na va\u0161 ure\u0111aj prilikom posete na\u0161im platformama. Ukoliko ne \u017eelite da odre\u0111eni kola\u010di\u0107i budu postavljeni na va\u0161 ure\u0111aj, mo\u017eete izabrati koje vrste kola\u010di\u0107a na\u0161e platforme mogu koristiti klikom na \u201eCookie Preferences\u201c na dnu na\u0161ih veb stranica.<\/span><\/p>\n<p><span style=\"font-weight: 400;\">Svoja pode\u0161avanja kola\u010di\u0107a mo\u017eete promeniti u bilo kom trenutku i povu\u0107i prethodno datu saglasnost.<\/span><\/p>\n<p><span style=\"font-weight: 400;\">Ukoliko \u017eelite da uklonite ve\u0107 postavljene kola\u010di\u0107e, mo\u017eete ih ru\u010dno obrisati u bilo kom trenutku. Me\u0111utim, ovo ne\u0107e spre\u010diti na\u0161e platforme da ponovo postave kola\u010di\u0107e osim ako ne prilagodite svoja pode\u0161avanja kola\u010di\u0107a na na\u010din opisan iznad.<\/span><\/p>\n<h2><b>VI. Rukovalac podacima prikupljenim putem kola\u010di\u0107a<\/b><\/h2>\n<p><span style=\"font-weight: 400;\">Za podatke prikupljene putem kola\u010di\u0107a i drugih tehnologija za pra\u0107enje na veb stranici<\/span><a href=\"http:\/\/www.fitkit.app\/\"> <span style=\"font-weight: 400;\">www.fitkit.app<\/span><\/a><span style=\"font-weight: 400;\">, sve FitKit kompanije deluju kao zajedni\u010dki rukovaoci.<\/span><\/p>\n<p><span style=\"font-weight: 400;\">Za lica na koja se podaci odnose, a nalaze se u Sloveniji, Gr\u010dkoj ili Bogarskoj, imenovan je predstavnik u EU za pitanja obrade podataka o li\u010dnosti putem kola\u010di\u0107a i ostvarivanja va\u0161ih prava.<\/span><\/p>\n<p><span style=\"font-weight: 400;\">FITKIT INTERNATIONAL DOO, Skoplje je odre\u0111en kao glavna kontakt ta\u010dka za pitanja u vezi sa zajedni\u010dkim rukovanjem podacima prikupljenim putem kola\u010di\u0107a na:<\/span><span style=\"font-weight: 400;\"><br \/>\n<\/span><span style=\"font-weight: 400;\">info@fitkit.app<\/span><\/p>\n<h2><b>VII. Zavr\u0161na odredba<\/b><\/h2>\n<p><span style=\"font-weight: 400;\">Ova Politika kola\u010di\u0107a stupa na snagu danom usvajanja ili objavljivanja na na\u0161im veb stranicama, platformama, aplikacijama, uslugama i alatima.<\/span><\/p>\n","protected":false},"excerpt":{"rendered":"<p>Politika kola\u010di\u0107a za na\u0161u veb stranicu i aplikaciju (\u201ePolitika kola\u010di\u0107a\u201c) I. Uvod Kada pose\u0107ujete i koristite na\u0161u veb stranicu, usluge, aplikaciju, alate za komunikaciju ili [&hellip;]<\/p>\n","protected":false},"author":10,"featured_media":0,"parent":0,"menu_order":0,"comment_status":"closed","ping_status":"closed","template":"","meta":{"_acf_changed":false,"site-sidebar-layout":"default","site-content-layout":"default","ast-site-content-layout":"default","site-content-style":"default","site-sidebar-style":"default","ast-global-header-display":"","ast-banner-title-visibility":"","ast-main-header-display":"","ast-hfb-above-header-display":"","ast-hfb-below-header-display":"","ast-hfb-mobile-header-display":"","site-post-title":"disabled","ast-breadcrumbs-content":"","ast-featured-img":"","footer-sml-layout":"","ast-disable-related-posts":"","theme-transparent-header-meta":"disabled","adv-header-id-meta":"","stick-header-meta":"default","header-above-stick-meta":"","header-main-stick-meta":"","header-below-stick-meta":"","astra-migrate-meta-layouts":"set","ast-page-background-enabled":"default","ast-page-background-meta":{"desktop":{"background-color":"var(--ast-global-color-4)","background-image":"","background-repeat":"repeat","background-position":"center center","background-size":"auto","background-attachment":"scroll","background-type":"","background-media":"","overlay-type":"","overlay-color":"","overlay-opacity":"","overlay-gradient":""},"tablet":{"background-color":"","background-image":"","background-repeat":"repeat","background-position":"center center","background-size":"auto","background-attachment":"scroll","background-type":"","background-media":"","overlay-type":"","overlay-color":"","overlay-opacity":"","overlay-gradient":""},"mobile":{"background-color":"","background-image":"","background-repeat":"repeat","background-position":"center center","background-size":"auto","background-attachment":"scroll","background-type":"","background-media":"","overlay-type":"","overlay-color":"","overlay-opacity":"","overlay-gradient":""}},"ast-content-background-meta":{"desktop":{"background-color":"var(--ast-global-color-5)","background-image":"","background-repeat":"repeat","background-position":"center center","background-size":"auto","background-attachment":"scroll","background-type":"","background-media":"","overlay-type":"","overlay-color":"","overlay-opacity":"","overlay-gradient":""},"tablet":{"background-color":"var(--ast-global-color-5)","background-image":"","background-repeat":"repeat","background-position":"center center","background-size":"auto","background-attachment":"scroll","background-type":"","background-media":"","overlay-type":"","overlay-color":"","overlay-opacity":"","overlay-gradient":""},"mobile":{"background-color":"var(--ast-global-color-5)","background-image":"","background-repeat":"repeat","background-position":"center center","background-size":"auto","background-attachment":"scroll","background-type":"","background-media":"","overlay-type":"","overlay-color":"","overlay-opacity":"","overlay-gradient":""}},"footnotes":""},"class_list":["post-20187","page","type-page","status-publish","hentry"],"acf":[],"yoast_head":"<!-- This site is optimized with the Yoast SEO plugin v27.3 - https:\/\/yoast.com\/product\/yoast-seo-wordpress\/ -->\n<title>Politika kola\u010di\u0107a - Fitkit<\/title>\n<meta name=\"robots\" content=\"index, follow, max-snippet:-1, max-image-preview:large, max-video-preview:-1\" \/>\n<link rel=\"canonical\" href=\"https:\/\/fitkit.app\/sr\/politika-kolacica\/\" \/>\n<meta property=\"og:locale\" content=\"sr_RS\" \/>\n<meta property=\"og:type\" content=\"article\" \/>\n<meta property=\"og:title\" content=\"Politika kola\u010di\u0107a - Fitkit\" \/>\n<meta property=\"og:description\" content=\"Politika kola\u010di\u0107a za na\u0161u veb stranicu i aplikaciju (\u201ePolitika kola\u010di\u0107a\u201c) I. Uvod Kada pose\u0107ujete i koristite na\u0161u veb stranicu, usluge, aplikaciju, alate za komunikaciju ili [&hellip;]\" \/>\n<meta property=\"og:url\" content=\"https:\/\/fitkit.app\/sr\/politika-kolacica\/\" \/>\n<meta property=\"og:site_name\" content=\"Fitkit\" \/>\n<meta property=\"article:publisher\" content=\"https:\/\/www.facebook.com\/fitkitmk\" \/>\n<meta property=\"article:modified_time\" content=\"2026-03-14T22:14:41+00:00\" \/>\n<meta name=\"twitter:card\" content=\"summary_large_image\" \/>\n<meta name=\"twitter:site\" content=\"@FitKitMK\" \/>\n<meta name=\"twitter:label1\" content=\"\u041f\u0440\u043e\u0446\u0435\u045a\u0435\u043d\u043e \u0432\u0440\u0435\u043c\u0435 \u0447\u0438\u0442\u0430\u045a\u0430\" \/>\n\t<meta name=\"twitter:data1\" content=\"7 \u043c\u0438\u043d\u0443\u0442\u0430\" \/>\n<script type=\"application\/ld+json\" class=\"yoast-schema-graph\">{\"@context\":\"https:\\\/\\\/schema.org\",\"@graph\":[{\"@type\":\"WebPage\",\"@id\":\"https:\\\/\\\/fitkit.app\\\/sr\\\/politika-kolacica\\\/\",\"url\":\"https:\\\/\\\/fitkit.app\\\/sr\\\/politika-kolacica\\\/\",\"name\":\"Politika kola\u010di\u0107a - Fitkit\",\"isPartOf\":{\"@id\":\"https:\\\/\\\/fitkit.app\\\/#website\"},\"datePublished\":\"2022-07-29T06:14:24+00:00\",\"dateModified\":\"2026-03-14T22:14:41+00:00\",\"breadcrumb\":{\"@id\":\"https:\\\/\\\/fitkit.app\\\/sr\\\/politika-kolacica\\\/#breadcrumb\"},\"inLanguage\":\"sr-RS\",\"potentialAction\":[{\"@type\":\"ReadAction\",\"target\":[\"https:\\\/\\\/fitkit.app\\\/sr\\\/politika-kolacica\\\/\"]}]},{\"@type\":\"BreadcrumbList\",\"@id\":\"https:\\\/\\\/fitkit.app\\\/sr\\\/politika-kolacica\\\/#breadcrumb\",\"itemListElement\":[{\"@type\":\"ListItem\",\"position\":1,\"name\":\"Home\",\"item\":\"https:\\\/\\\/fitkit.app\\\/sl\\\/\"},{\"@type\":\"ListItem\",\"position\":2,\"name\":\"Politika kola\u010di\u0107a\"}]},{\"@type\":\"WebSite\",\"@id\":\"https:\\\/\\\/fitkit.app\\\/#website\",\"url\":\"https:\\\/\\\/fitkit.app\\\/\",\"name\":\"Fitkit\",\"description\":\"\u0415\u0434\u043d\u0430 \u0430\u043f\u043b\u0438\u043a\u0430\u0446\u0438\u0458\u0430 \u0437\u0430 \u0432\u043b\u0435\u0437 \u0432\u043e \u0441\u0438\u0442\u0435 \u0432\u0435\u0436\u0431\u0430\u043b\u043d\u0438 \u0438 \u0441\u043f\u0430 \u0446\u0435\u043d\u0442\u0440\u0438! \u041a\u0430\u0434\u0435 \u0441\u0430\u043a\u0430\u0448, \u043a\u043e\u0433\u0430 \u0441\u0430\u043a\u0430\u0448.\",\"publisher\":{\"@id\":\"https:\\\/\\\/fitkit.app\\\/#organization\"},\"potentialAction\":[{\"@type\":\"SearchAction\",\"target\":{\"@type\":\"EntryPoint\",\"urlTemplate\":\"https:\\\/\\\/fitkit.app\\\/?s={search_term_string}\"},\"query-input\":{\"@type\":\"PropertyValueSpecification\",\"valueRequired\":true,\"valueName\":\"search_term_string\"}}],\"inLanguage\":\"sr-RS\"},{\"@type\":\"Organization\",\"@id\":\"https:\\\/\\\/fitkit.app\\\/#organization\",\"name\":\"Fitkit\",\"url\":\"https:\\\/\\\/fitkit.app\\\/\",\"logo\":{\"@type\":\"ImageObject\",\"inLanguage\":\"sr-RS\",\"@id\":\"https:\\\/\\\/fitkit.app\\\/#\\\/schema\\\/logo\\\/image\\\/\",\"url\":\"https:\\\/\\\/fitkit.app\\\/wp-content\\\/uploads\\\/2026\\\/02\\\/FitKit-logo-1.png\",\"contentUrl\":\"https:\\\/\\\/fitkit.app\\\/wp-content\\\/uploads\\\/2026\\\/02\\\/FitKit-logo-1.png\",\"width\":235,\"height\":235,\"caption\":\"Fitkit\"},\"image\":{\"@id\":\"https:\\\/\\\/fitkit.app\\\/#\\\/schema\\\/logo\\\/image\\\/\"},\"sameAs\":[\"https:\\\/\\\/www.facebook.com\\\/fitkitmk\",\"https:\\\/\\\/x.com\\\/FitKitMK\",\"https:\\\/\\\/www.youtube.com\\\/channel\\\/UCLr7pPwt9BRQ0xhS7RJRj4A\",\"https:\\\/\\\/www.linkedin.com\\\/company\\\/fitkitmk\\\/\",\"https:\\\/\\\/www.instagram.com\\\/fitkitmk\\\/\"]}]}<\/script>\n<!-- \/ Yoast SEO plugin. -->","yoast_head_json":{"title":"Politika kola\u010di\u0107a - Fitkit","robots":{"index":"index","follow":"follow","max-snippet":"max-snippet:-1","max-image-preview":"max-image-preview:large","max-video-preview":"max-video-preview:-1"},"canonical":"https:\/\/fitkit.app\/sr\/politika-kolacica\/","og_locale":"sr_RS","og_type":"article","og_title":"Politika kola\u010di\u0107a - Fitkit","og_description":"Politika kola\u010di\u0107a za na\u0161u veb stranicu i aplikaciju (\u201ePolitika kola\u010di\u0107a\u201c) I. Uvod Kada pose\u0107ujete i koristite na\u0161u veb stranicu, usluge, aplikaciju, alate za komunikaciju ili [&hellip;]","og_url":"https:\/\/fitkit.app\/sr\/politika-kolacica\/","og_site_name":"Fitkit","article_publisher":"https:\/\/www.facebook.com\/fitkitmk","article_modified_time":"2026-03-14T22:14:41+00:00","twitter_card":"summary_large_image","twitter_site":"@FitKitMK","twitter_misc":{"\u041f\u0440\u043e\u0446\u0435\u045a\u0435\u043d\u043e \u0432\u0440\u0435\u043c\u0435 \u0447\u0438\u0442\u0430\u045a\u0430":"7 \u043c\u0438\u043d\u0443\u0442\u0430"},"schema":{"@context":"https:\/\/schema.org","@graph":[{"@type":"WebPage","@id":"https:\/\/fitkit.app\/sr\/politika-kolacica\/","url":"https:\/\/fitkit.app\/sr\/politika-kolacica\/","name":"Politika kola\u010di\u0107a - Fitkit","isPartOf":{"@id":"https:\/\/fitkit.app\/#website"},"datePublished":"2022-07-29T06:14:24+00:00","dateModified":"2026-03-14T22:14:41+00:00","breadcrumb":{"@id":"https:\/\/fitkit.app\/sr\/politika-kolacica\/#breadcrumb"},"inLanguage":"sr-RS","potentialAction":[{"@type":"ReadAction","target":["https:\/\/fitkit.app\/sr\/politika-kolacica\/"]}]},{"@type":"BreadcrumbList","@id":"https:\/\/fitkit.app\/sr\/politika-kolacica\/#breadcrumb","itemListElement":[{"@type":"ListItem","position":1,"name":"Home","item":"https:\/\/fitkit.app\/sl\/"},{"@type":"ListItem","position":2,"name":"Politika kola\u010di\u0107a"}]},{"@type":"WebSite","@id":"https:\/\/fitkit.app\/#website","url":"https:\/\/fitkit.app\/","name":"Fitkit","description":"\u0415\u0434\u043d\u0430 \u0430\u043f\u043b\u0438\u043a\u0430\u0446\u0438\u0458\u0430 \u0437\u0430 \u0432\u043b\u0435\u0437 \u0432\u043e \u0441\u0438\u0442\u0435 \u0432\u0435\u0436\u0431\u0430\u043b\u043d\u0438 \u0438 \u0441\u043f\u0430 \u0446\u0435\u043d\u0442\u0440\u0438! \u041a\u0430\u0434\u0435 \u0441\u0430\u043a\u0430\u0448, \u043a\u043e\u0433\u0430 \u0441\u0430\u043a\u0430\u0448.","publisher":{"@id":"https:\/\/fitkit.app\/#organization"},"potentialAction":[{"@type":"SearchAction","target":{"@type":"EntryPoint","urlTemplate":"https:\/\/fitkit.app\/?s={search_term_string}"},"query-input":{"@type":"PropertyValueSpecification","valueRequired":true,"valueName":"search_term_string"}}],"inLanguage":"sr-RS"},{"@type":"Organization","@id":"https:\/\/fitkit.app\/#organization","name":"Fitkit","url":"https:\/\/fitkit.app\/","logo":{"@type":"ImageObject","inLanguage":"sr-RS","@id":"https:\/\/fitkit.app\/#\/schema\/logo\/image\/","url":"https:\/\/fitkit.app\/wp-content\/uploads\/2026\/02\/FitKit-logo-1.png","contentUrl":"https:\/\/fitkit.app\/wp-content\/uploads\/2026\/02\/FitKit-logo-1.png","width":235,"height":235,"caption":"Fitkit"},"image":{"@id":"https:\/\/fitkit.app\/#\/schema\/logo\/image\/"},"sameAs":["https:\/\/www.facebook.com\/fitkitmk","https:\/\/x.com\/FitKitMK","https:\/\/www.youtube.com\/channel\/UCLr7pPwt9BRQ0xhS7RJRj4A","https:\/\/www.linkedin.com\/company\/fitkitmk\/","https:\/\/www.instagram.com\/fitkitmk\/"]}]}},"_links":{"self":[{"href":"https:\/\/fitkit.app\/sr\/wp-json\/wp\/v2\/pages\/20187","targetHints":{"allow":["GET"]}}],"collection":[{"href":"https:\/\/fitkit.app\/sr\/wp-json\/wp\/v2\/pages"}],"about":[{"href":"https:\/\/fitkit.app\/sr\/wp-json\/wp\/v2\/types\/page"}],"author":[{"embeddable":true,"href":"https:\/\/fitkit.app\/sr\/wp-json\/wp\/v2\/users\/10"}],"replies":[{"embeddable":true,"href":"https:\/\/fitkit.app\/sr\/wp-json\/wp\/v2\/comments?post=20187"}],"version-history":[{"count":1,"href":"https:\/\/fitkit.app\/sr\/wp-json\/wp\/v2\/pages\/20187\/revisions"}],"predecessor-version":[{"id":20188,"href":"https:\/\/fitkit.app\/sr\/wp-json\/wp\/v2\/pages\/20187\/revisions\/20188"}],"wp:attachment":[{"href":"https:\/\/fitkit.app\/sr\/wp-json\/wp\/v2\/media?parent=20187"}],"curies":[{"name":"wp","href":"https:\/\/api.w.org\/{rel}","templated":true}]}}